{"id":22877,"date":"2021-03-24T14:46:32","date_gmt":"2021-03-24T13:46:32","guid":{"rendered":"https:\/\/iskola.mezohegyesvk.hu\/impresszum\/"},"modified":"2024-11-27T16:44:24","modified_gmt":"2024-11-27T15:44:24","slug":"imprint","status":"publish","type":"page","link":"https:\/\/mezohegyes-szakkepzes.edu.hu\/en\/imprint\/","title":{"rendered":"Imprint"},"content":{"rendered":"\t\t<div data-elementor-type=\"wp-page\" data-elementor-id=\"22877\" class=\"elementor elementor-22877 elementor-3345\" data-elementor-post-type=\"page\">\n\t\t\t\t\t\t<section class=\"elementor-section elementor-top-section elementor-element elementor-element-25c3254 elementor-section-boxed elementor-section-height-default elementor-section-height-default\" data-id=\"25c3254\" data-element_type=\"section\" data-settings=\"{&quot;background_background&quot;:&quot;classic&quot;}\">\r\n\t\t\t\t\t\t\t<div class=\"elementor-background-overlay\"><\/div>\r\n\t\t\t\t\t\t<div class=\"elementor-container elementor-column-gap-default jws_section_\" >\r\n\t\t\t\t<div class=\"elementor-column elementor-col-100 elementor-top-column elementor-element elementor-element-0c0cb3b\" data-id=\"0c0cb3b\" data-element_type=\"column\">\n\t\t\t<div class=\"elementor-widget-wrap elementor-element-populated\">\n\t\t\t\t\t\t<div class=\"elementor-element elementor-element-479fdd1 whiteTitle elementor-widget elementor-widget-heading\" data-id=\"479fdd1\" data-element_type=\"widget\" data-widget_type=\"heading.default\">\n\t\t\t\t<div class=\"elementor-widget-container\">\n\t\t\t<h2 class=\"elementor-heading-title elementor-size-default\">Imprint<\/h2>\t\t<\/div>\n\t\t\t\t<\/div>\n\t\t\t\t\t<\/div>\n\t\t<\/div>\n\t\t\t\t      \r\n            \r\n              \r\n            \r\n            \t\r\n\t\t\t<\/div>\r\n\t\t<\/section>\r\n\t\t\t\t<section class=\"elementor-section elementor-top-section elementor-element elementor-element-cf72805 elementor-section-boxed elementor-section-height-default elementor-section-height-default\" data-id=\"cf72805\" data-element_type=\"section\">\r\n\t\t\t\t\t\t<div class=\"elementor-container elementor-column-gap-default jws_section_\" >\r\n\t\t\t\t<div class=\"elementor-column elementor-col-100 elementor-top-column elementor-element elementor-element-8c8dabe textPadding\" data-id=\"8c8dabe\" data-element_type=\"column\">\n\t\t\t<div class=\"elementor-widget-wrap elementor-element-populated\">\n\t\t\t\t\t\t<div class=\"elementor-element elementor-element-da3a761 elementor-widget elementor-widget-text-editor\" data-id=\"da3a761\" data-element_type=\"widget\" data-widget_type=\"text-editor.default\">\n\t\t\t\t<div class=\"elementor-widget-container\">\n\t\t\t\t\t\t\t<p>The website is hosted by the Mez\u0151hegyesi Technical, Vocational School and College<\/p><p>5820 Mez\u0151hegyes, Kozma Ferenc utca 23.<\/p><p>Mobiltelefonsz\u00e1m: +36-70-400-2550<\/p><p>Vezet\u00e9kestelefon-sz\u00e1m: +36-68-466-006 <\/p><p>Fax: +36-68-468-258<\/p><p>Website: <a href=\"https:\/\/www.mezohegyes-szakkepzes.edu.hu\" target=\"_blank\" rel=\"noopener noreferrer nofollow\">www.mezohegyes-szakkepzes.edu.hu<\/a><\/p><p>Community page: https:\/\/www.facebook.com\/mezohegyes.szakkepzes<\/p><p>E-mail: mezohegyes.szakkepzes@gmail.com<\/p><p>OM ID: 203246<\/p><p>VAT number: 26933869-2-04<\/p><p>Banksz\u00e1mlasz\u00e1m: 11733151-21391792-00000000<\/p><p>KSH statistical number: 26933869-8531-931-04<\/p><p>\u00a0<\/p><p><i>Translated with <a href=\"https:\/\/www.deepl.com\/?utm_campaign=product&amp;utm_source=web_translator&amp;utm_medium=web&amp;utm_content=copy_free_translation\" target=\"_blank\" rel=\"noopener noreferrer nofollow\">DeepL.com<\/a> (free version)<\/i><\/p>\t\t\t\t\t\t<\/div>\n\t\t\t\t<\/div>\n\t\t\t\t<div class=\"elementor-element elementor-element-c359691 elementor-widget-divider--view-line elementor-widget elementor-widget-divider\" data-id=\"c359691\" data-element_type=\"widget\" data-widget_type=\"divider.default\">\n\t\t\t\t<div class=\"elementor-widget-container\">\n\t\t\t\t\t<div class=\"elementor-divider\">\n\t\t\t<span class=\"elementor-divider-separator\">\n\t\t\t\t\t\t<\/span>\n\t\t<\/div>\n\t\t\t\t<\/div>\n\t\t\t\t<\/div>\n\t\t\t\t<div class=\"elementor-element elementor-element-d33577d elementor-widget elementor-widget-text-editor\" data-id=\"d33577d\" data-element_type=\"widget\" data-widget_type=\"text-editor.default\">\n\t\t\t\t<div class=\"elementor-widget-container\">\n\t\t\t\t\t\t\t<p>The website is edited by G\u00e1bor Tark\u00f3 Director<\/p><p>Phone +36-70-399-1569<\/p><p>E-mail: <a href=\"mailto:tarkog@gmail.com\">tarkog@gmail.com<\/a><\/p><p>DAW Architect Studio (lead architect: Andr\u00e1s Katona Katona, Chief Architect of Mez\u0151hegyes)<\/p><p>Head of the design department: \u00b6Hidden Characters (D\u00e1niel Nagy and P\u00e9ter Orb\u00e1n), G\u00e1bor Tark\u00f3 director<\/p><p>Web design, web development: <a href=\"https:\/\/studijo.hu\/\" target=\"_blank\" rel=\"noopener noreferrer nofollow\">Studij\u00f3 &#8211; Digital Design &amp; Web Development<\/a> (Robin Futaki and Vince Bor\u00f3k), G\u00e1bor Tark\u00f3 Director<\/p><p>Photography by Anita Benk\u0151, Gabriella Bunda, Gy\u00f6ngyv\u00e9r B\u00edr\u00f3, S\u00e1ndor Gurmai, Erik Hrabovszki, L\u00e1szl\u00f3 Janovszki, L\u00e1szl\u00f3 Moln\u00e1r, Tam\u00e1s Nagy-Gy\u00f6rgy, G\u00e1bor Pint\u00e9r, \u00c1kos Szab\u00f3, Istv\u00e1n Szab\u00f3, G\u00e1bor Tark\u00f3, Istv\u00e1n Endre T\u00f3th, D\u00e9nes V\u00e1ri, Istv\u00e1n Vida-Sz\u0171cs and P\u00e9ter Zentai<\/p><p>Archival photographs, postcards: local historical collection, Mez\u0151hegyes photo archive; P\u00e1l Marosv\u00f6lgyi&#8217;s school history photographs; Gy\u00f6rgy Kerekes&#8217; postcard collection<\/p>\t\t\t\t\t\t<\/div>\n\t\t\t\t<\/div>\n\t\t\t\t<div class=\"elementor-element elementor-element-4f49cae elementor-widget-divider--view-line elementor-widget elementor-widget-divider\" data-id=\"4f49cae\" data-element_type=\"widget\" data-widget_type=\"divider.default\">\n\t\t\t\t<div class=\"elementor-widget-container\">\n\t\t\t\t\t<div class=\"elementor-divider\">\n\t\t\t<span class=\"elementor-divider-separator\">\n\t\t\t\t\t\t<\/span>\n\t\t<\/div>\n\t\t\t\t<\/div>\n\t\t\t\t<\/div>\n\t\t\t\t<div class=\"elementor-element elementor-element-e7bd943 elementor-widget elementor-widget-text-editor\" data-id=\"e7bd943\" data-element_type=\"widget\" data-widget_type=\"text-editor.default\">\n\t\t\t\t<div class=\"elementor-widget-container\">\n\t\t\t\t\t\t\t<p>Hosting provided by: the Government Information Technology Development Agency (GITDA)<br \/>Headquarters.<br \/>Tax number: 15598316241<br \/>Founding document number: KVFO\/38747-1\/2019-ITM<br \/>Date of establishment: 09 August 2019 (The legal act governing the status of the budgetary body is Government Decree 268\/2010 (XII. 3.) on the Government Information Technology Development Agency.)<br \/>TE\u00c1OR: 8411. General public administration<br \/>Public finance class number and title of the main activity of the budget body: 841117 Support and auxiliary services for government and municipal institutions<br \/>Authority responsible for registration of the service provider: Magyar \u00c1llamkincst\u00e1r<\/p>\t\t\t\t\t\t<\/div>\n\t\t\t\t<\/div>\n\t\t\t\t\t<\/div>\n\t\t<\/div>\n\t\t\t\t      \r\n            \r\n              \r\n            \r\n            \t\r\n\t\t\t<\/div>\r\n\t\t<\/section>\r\n\t\t\t\t<\/div>\n\t\t","protected":false},"excerpt":{"rendered":"<p>Imprint The website is hosted by the Mez\u0151hegyesi Technical, Vocational School and College 5820 Mez\u0151hegyes, Kozma Ferenc utca 23. Mobiltelefonsz\u00e1m: +36-70-400-2550 Vezet\u00e9kestelefon-sz\u00e1m: +36-68-466-006 Fax: +36-68-468-258 Website: www.mezohegyes-szakkepzes.edu.hu Community page: https:\/\/www.facebook.com\/mezohegyes.szakkepzes E-mail: mezohegyes.szakkepzes@gmail.com OM ID: 203246 VAT number: 26933869-2-04 Banksz\u00e1mlasz\u00e1m: 11733151-21391792-00000000 KSH statistical number: 26933869-8531-931-04 Translated with DeepL.com (free version) The website is edited by G\u00e1bor [&hellip;]<\/p>\n","protected":false},"author":1,"featured_media":0,"parent":0,"menu_order":0,"comment_status":"closed","ping_status":"closed","template":"","meta":{"inline_featured_image":false,"_monsterinsights_skip_tracking":false,"_monsterinsights_sitenote_active":false,"_monsterinsights_sitenote_note":"","_monsterinsights_sitenote_category":0,"footnotes":""},"class_list":["post-22877","page","type-page","status-publish","hentry"],"_links":{"self":[{"href":"https:\/\/mezohegyes-szakkepzes.edu.hu\/en\/wp-json\/wp\/v2\/pages\/22877"}],"collection":[{"href":"https:\/\/mezohegyes-szakkepzes.edu.hu\/en\/wp-json\/wp\/v2\/pages"}],"about":[{"href":"https:\/\/mezohegyes-szakkepzes.edu.hu\/en\/wp-json\/wp\/v2\/types\/page"}],"author":[{"embeddable":true,"href":"https:\/\/mezohegyes-szakkepzes.edu.hu\/en\/wp-json\/wp\/v2\/users\/1"}],"replies":[{"embeddable":true,"href":"https:\/\/mezohegyes-szakkepzes.edu.hu\/en\/wp-json\/wp\/v2\/comments?post=22877"}],"version-history":[{"count":6,"href":"https:\/\/mezohegyes-szakkepzes.edu.hu\/en\/wp-json\/wp\/v2\/pages\/22877\/revisions"}],"predecessor-version":[{"id":23964,"href":"https:\/\/mezohegyes-szakkepzes.edu.hu\/en\/wp-json\/wp\/v2\/pages\/22877\/revisions\/23964"}],"wp:attachment":[{"href":"https:\/\/mezohegyes-szakkepzes.edu.hu\/en\/wp-json\/wp\/v2\/media?parent=22877"}],"curies":[{"name":"wp","href":"https:\/\/api.w.org\/{rel}","templated":true}]}}